{"id":950,"date":"2018-01-21T14:13:13","date_gmt":"2018-01-21T12:13:13","guid":{"rendered":"https:\/\/elmek.ee\/kullike-remmel\/"},"modified":"2021-02-10T10:01:23","modified_gmt":"2021-02-10T08:01:23","slug":"kullike-remmel","status":"publish","type":"page","link":"https:\/\/elmek.ee\/en\/kullike-remmel\/","title":{"rendered":"K\u00fcllike Remmel"},"content":{"rendered":"<div id='sub_menu1'  class='av-submenu-container main_color  avia-builder-el-0  el_before_av_section  avia-builder-el-first   container_wrap sidebar_right' style='  z-index:301' ><div class='container av-menu-mobile-disabled '><ul id=\"menu-meeskond-english\" class=\"av-subnav-menu av-submenu-pos-right\"><li id=\"menu-item-1254\" class=\"menu-item menu-item-type-post_type menu-item-object-page menu-item-top-level menu-item-top-level-1\"><a href=\"https:\/\/elmek.ee\/en\/egle-vainula\/\" itemprop=\"url\"><span class=\"avia-bullet\"><\/span><span class=\"avia-menu-text\">Egle Vainula<\/span><span class=\"avia-menu-fx\"><span class=\"avia-arrow-wrap\"><span class=\"avia-arrow\"><\/span><\/span><\/span><\/a><\/li>\n<\/ul><\/div><\/div>\n<div id='av_section_1'  class='avia-section main_color avia-section-small avia-no-border-styling  avia-bg-style-scroll  avia-builder-el-1  el_after_av_submenu  el_before_av_section   container_wrap sidebar_right' style=' '  ><div class='container' ><div class='template-page content  av-content-small alpha units'><div class='post-entry post-entry-type-page post-entry-950'><div class='entry-content-wrapper clearfix'>\n<div class='flex_column_table av-equal-height-column-flextable -flextable' style='margin-top:0px; margin-bottom:0px; '><div class=\"flex_column av_one_fourth  av-animated-generic left-to-right  no_margin flex_column_table_cell av-equal-height-column av-align-middle first  avia-builder-el-2  el_before_av_one_half  avia-builder-el-first  \" style='padding:0px 20px 0px 0px ; border-radius:0px; '><div  class='avia-image-container  av-styling-circle    avia-builder-el-3  avia-builder-el-no-sibling  avia-align-left '  itemprop=\"image\" itemscope=\"itemscope\" itemtype=\"https:\/\/schema.org\/ImageObject\"  ><div class='avia-image-container-inner'><div class='avia-image-overlay-wrap'><img class='wp-image-897 avia-img-lazy-loading-not-897 avia_image' src='https:\/\/elmek.ee\/wp-content\/uploads\/2017\/06\/KullikeRemmel.jpg' alt='' title='K\u00fcllike Remmel' height=\"650\" width=\"650\"  itemprop=\"thumbnailUrl\"  \/><\/div><\/div><\/div><\/div><div class=\"flex_column av_one_half  av-animated-generic top-to-bottom  no_margin flex_column_table_cell av-equal-height-column av-align-middle   avia-builder-el-4  el_after_av_one_fourth  el_before_av_one_fourth  \" style='padding:0px 20px 0px 0px ; border-radius:0px; '><div  style='padding-bottom:0px; font-size:40px;' class='av-special-heading av-special-heading-h1  blockquote modern-quote  avia-builder-el-5  avia-builder-el-no-sibling  av-inherit-size '><h1 class='av-special-heading-tag '  itemprop=\"headline\"  >K\u00fcllike Remmel<\/h1><div class ='av-subheading av-subheading_below  ' style='font-size:18px;'><p>Accountant<\/p>\n<\/div><div class='special-heading-border'><div class='special-heading-inner-border' ><\/div><\/div><\/div><\/div><div class=\"flex_column av_one_fourth  av-animated-generic right-to-left  no_margin flex_column_table_cell av-equal-height-column av-align-middle av-zero-column-padding   avia-builder-el-6  el_after_av_one_half  avia-builder-el-last  \" style='border-radius:0px; '><p><section class=\"av_textblock_section \"  itemscope=\"itemscope\" itemtype=\"https:\/\/schema.org\/CreativeWork\" ><div class='avia_textblock  '   itemprop=\"text\" ><p>Email: <a href=\"mailto:kyllike.remmel@elmek.ee\">kyllike.remmel@elmek.ee<\/a><\/p>\n<p>Phone: <a href=\"tel:+3725067115\">+372 506 7115<\/a><\/p>\n<\/div><\/section><br \/>\n<section class=\"av_textblock_section \"  itemscope=\"itemscope\" itemtype=\"https:\/\/schema.org\/CreativeWork\" ><div class='avia_textblock  '   itemprop=\"text\" ><p><img loading=\"lazy\" decoding=\"async\" class=\"size-thumbnail wp-image-464 alignleft\" src=\"https:\/\/elmek.ee\/wp-content\/uploads\/2017\/09\/estonia-80x80.png\" alt=\"\" width=\"40\" height=\"40\" srcset=\"https:\/\/elmek.ee\/wp-content\/uploads\/2017\/09\/estonia-80x80.png 80w, https:\/\/elmek.ee\/wp-content\/uploads\/2017\/09\/estonia-36x36.png 36w, https:\/\/elmek.ee\/wp-content\/uploads\/2017\/09\/estonia-120x120.png 120w, https:\/\/elmek.ee\/wp-content\/uploads\/2017\/09\/estonia.png 128w\" sizes=\"auto, (max-width: 40px) 100vw, 40px\" \/><\/p>\n<\/div><\/section><\/p><\/div><\/div><!--close column table wrapper. Autoclose: 1 -->\n\n<\/div><\/div><\/div><!-- close content main div --><\/div><\/div><div id='av_section_2'  class='avia-section main_color avia-section-default avia-no-border-styling  avia-bg-style-scroll  avia-builder-el-9  el_after_av_section  avia-builder-el-last   container_wrap sidebar_right' style=' '  ><div class='container' ><div class='template-page content  av-content-small alpha units'><div class='post-entry post-entry-type-page post-entry-950'><div class='entry-content-wrapper clearfix'>\n<div class=\"flex_column av_one_half  av-animated-generic bottom-to-top  flex_column_div av-zero-column-padding first  avia-builder-el-10  el_before_av_one_half  avia-builder-el-first  \" style='border-radius:0px; '><section class=\"av_textblock_section \"  itemscope=\"itemscope\" itemtype=\"https:\/\/schema.org\/CreativeWork\" ><div class='avia_textblock  '   itemprop=\"text\" ><p>K\u00fcllike has practised accounting for almost <strong>30 years<\/strong> and gained experience from working with numerous different companies. She is happy to share her knowledge and experience with clients and colleagues. K\u00fcllike obtained education in accountancy in Vinni Technical School which was the predecessor of <strong>L\u00e4\u00e4ne-Viru College<\/strong>; from there on she has constantly developed her professional skills at various courses and in-service training.<\/p>\n<\/div><\/section><\/div><div class=\"flex_column av_one_half  av-animated-generic bottom-to-top  flex_column_div av-zero-column-padding   avia-builder-el-12  el_after_av_one_half  el_before_av_one_third  \" style='border-radius:0px; '><section class=\"av_textblock_section \"  itemscope=\"itemscope\" itemtype=\"https:\/\/schema.org\/CreativeWork\" ><div class='avia_textblock  '   itemprop=\"text\" ><p>In recent years K\u00fcllike has <strong>specialised in accounting for investment entities<\/strong>; the challenges of recording the transactions of such companies are part of her everyday work routine. Words like shares, options, consolidation etc are not unfamiliar to her.<\/p>\n<\/div><\/section><\/div><div class=\"flex_column av_one_third  av-animated-generic left-to-right  flex_column_div av-zero-column-padding first  avia-builder-el-14  el_after_av_one_half  el_before_av_two_third  column-top-margin\" style='border-radius:0px; '><p><div  style='height:1px; margin-top:-32px'  class='hr hr-invisible   avia-builder-el-15  el_before_av_heading  avia-builder-el-first '><span class='hr-inner ' ><span class='hr-inner-style'><\/span><\/span><\/div><br \/>\n<div  style='padding-bottom:0px; ' class='av-special-heading av-special-heading-h2  blockquote modern-quote  avia-builder-el-16  el_after_av_hr  avia-builder-el-last  '><h2 class='av-special-heading-tag '  itemprop=\"headline\"  >Industries<\/h2><div class='special-heading-border'><div class='special-heading-inner-border' ><\/div><\/div><\/div><\/p><\/div><div class=\"flex_column av_two_third  av-animated-generic right-to-left  flex_column_div av-zero-column-padding   avia-builder-el-17  el_after_av_one_third  el_before_av_one_third  column-top-margin\" style='border-radius:0px; '><section class=\"av_textblock_section \"  itemscope=\"itemscope\" itemtype=\"https:\/\/schema.org\/CreativeWork\" ><div class='avia_textblock  '   itemprop=\"text\" ><p>Investments, service sector, retail and wholesale, non-profit organisations, apartment associations.<\/p>\n<\/div><\/section><\/div><div class=\"flex_column av_one_third  av-animated-generic left-to-right  flex_column_div av-zero-column-padding first  avia-builder-el-19  el_after_av_two_third  el_before_av_two_third  column-top-margin\" style='border-radius:0px; '><p><div  style='height:1px; margin-top:-32px'  class='hr hr-invisible   avia-builder-el-20  el_before_av_heading  avia-builder-el-first '><span class='hr-inner ' ><span class='hr-inner-style'><\/span><\/span><\/div><br \/>\n<div  style='padding-bottom:0px; ' class='av-special-heading av-special-heading-h2  blockquote modern-quote  avia-builder-el-21  el_after_av_hr  avia-builder-el-last  '><h2 class='av-special-heading-tag '  itemprop=\"headline\"  >Software used<\/h2><div class='special-heading-border'><div class='special-heading-inner-border' ><\/div><\/div><\/div><\/p><\/div><div class=\"flex_column av_two_third  av-animated-generic right-to-left  flex_column_div av-zero-column-padding   avia-builder-el-22  el_after_av_one_third  el_before_av_one_third  column-top-margin\" style='border-radius:0px; '><section class=\"av_textblock_section \"  itemscope=\"itemscope\" itemtype=\"https:\/\/schema.org\/CreativeWork\" ><div class='avia_textblock  '   itemprop=\"text\" ><p>Directo, StandardBooks, Merit, TAAVI Payroll<\/p>\n<\/div><\/section><\/div><div class=\"flex_column av_one_third  av-animated-generic left-to-right  flex_column_div av-zero-column-padding first  avia-builder-el-24  el_after_av_two_third  el_before_av_two_third  column-top-margin\" style='border-radius:0px; '><p><div  style='height:1px; margin-top:-32px'  class='hr hr-invisible   avia-builder-el-25  el_before_av_heading  avia-builder-el-first '><span class='hr-inner ' ><span class='hr-inner-style'><\/span><\/span><\/div><br \/>\n<div  style='padding-bottom:0px; ' class='av-special-heading av-special-heading-h2  blockquote modern-quote  avia-builder-el-26  el_after_av_hr  avia-builder-el-last  '><h2 class='av-special-heading-tag '  itemprop=\"headline\"  >Clients and colleagues about her<\/h2><div class='special-heading-border'><div class='special-heading-inner-border' ><\/div><\/div><\/div><\/p><\/div><div class=\"flex_column av_two_third  av-animated-generic right-to-left  flex_column_div av-zero-column-padding   avia-builder-el-27  el_after_av_one_third  avia-builder-el-last  column-top-margin\" style='border-radius:0px; '><section class=\"av_textblock_section \"  itemscope=\"itemscope\" itemtype=\"https:\/\/schema.org\/CreativeWork\" ><div class='avia_textblock  '   itemprop=\"text\" ><p>K\u00fcllike is very correct in her work and other undertakings. She can place herself in another person\u2019s situation and understand it to the core. K\u00fcllike is joyful and active by nature, and a great mixer in social gatherings.<\/p>\n<\/div><\/section><\/div><\/div><\/div><\/div><!-- close content main div --><\/div><\/div><div id='after_section_2'  class='main_color av_default_container_wrap container_wrap sidebar_right' style=' '  ><div class='container' ><div class='template-page content  av-content-small alpha units'><div class='post-entry post-entry-type-page post-entry-950'><div class='entry-content-wrapper clearfix'>\n","protected":false},"excerpt":{"rendered":"","protected":false},"author":1,"featured_media":0,"parent":0,"menu_order":0,"comment_status":"closed","ping_status":"closed","template":"","meta":{"footnotes":""},"class_list":["post-950","page","type-page","status-publish","hentry"],"yoast_head":"<!-- This site is optimized with the Yoast SEO plugin v26.6 - https:\/\/yoast.com\/wordpress\/plugins\/seo\/ -->\n<title>K\u00fcllike Remmel - eLMEK Accounting O\u00dc<\/title>\n<meta name=\"description\" content=\"K\u00fcllike has practised accounting for almost 30 years and gained experience from working with numerous different companies.\" \/>\n<meta name=\"robots\" content=\"index, follow, max-snippet:-1, max-image-preview:large, max-video-preview:-1\" \/>\n<link rel=\"canonical\" href=\"https:\/\/elmek.ee\/en\/kullike-remmel\/\" \/>\n<meta property=\"og:locale\" content=\"en_US\" \/>\n<meta property=\"og:type\" content=\"article\" \/>\n<meta property=\"og:title\" content=\"K\u00fcllike Remmel - eLMEK Accounting O\u00dc\" \/>\n<meta property=\"og:description\" content=\"K\u00fcllike has practised accounting for almost 30 years and gained experience from working with numerous different companies.\" \/>\n<meta property=\"og:url\" content=\"https:\/\/elmek.ee\/en\/kullike-remmel\/\" \/>\n<meta property=\"og:site_name\" content=\"eLMEK Accounting O\u00dc\" \/>\n<meta property=\"article:modified_time\" content=\"2021-02-10T08:01:23+00:00\" \/>\n<meta property=\"og:image\" content=\"https:\/\/elmek.ee\/wp-content\/uploads\/2017\/09\/estonia-80x80.png\" \/>\n<meta name=\"twitter:card\" content=\"summary_large_image\" \/>\n<meta name=\"twitter:label1\" content=\"Est. reading time\" \/>\n\t<meta name=\"twitter:data1\" content=\"9 minutes\" \/>\n<script type=\"application\/ld+json\" class=\"yoast-schema-graph\">{\"@context\":\"https:\/\/schema.org\",\"@graph\":[{\"@type\":\"WebPage\",\"@id\":\"https:\/\/elmek.ee\/en\/kullike-remmel\/\",\"url\":\"https:\/\/elmek.ee\/en\/kullike-remmel\/\",\"name\":\"K\u00fcllike Remmel - eLMEK Accounting O\u00dc\",\"isPartOf\":{\"@id\":\"https:\/\/elmek.ee\/#website\"},\"primaryImageOfPage\":{\"@id\":\"https:\/\/elmek.ee\/en\/kullike-remmel\/#primaryimage\"},\"image\":{\"@id\":\"https:\/\/elmek.ee\/en\/kullike-remmel\/#primaryimage\"},\"thumbnailUrl\":\"https:\/\/elmek.ee\/wp-content\/uploads\/2017\/09\/estonia-80x80.png\",\"datePublished\":\"2018-01-21T12:13:13+00:00\",\"dateModified\":\"2021-02-10T08:01:23+00:00\",\"description\":\"K\u00fcllike has practised accounting for almost 30 years and gained experience from working with numerous different companies.\",\"breadcrumb\":{\"@id\":\"https:\/\/elmek.ee\/en\/kullike-remmel\/#breadcrumb\"},\"inLanguage\":\"en-US\",\"potentialAction\":[{\"@type\":\"ReadAction\",\"target\":[\"https:\/\/elmek.ee\/en\/kullike-remmel\/\"]}]},{\"@type\":\"ImageObject\",\"inLanguage\":\"en-US\",\"@id\":\"https:\/\/elmek.ee\/en\/kullike-remmel\/#primaryimage\",\"url\":\"https:\/\/elmek.ee\/wp-content\/uploads\/2017\/09\/estonia-80x80.png\",\"contentUrl\":\"https:\/\/elmek.ee\/wp-content\/uploads\/2017\/09\/estonia-80x80.png\"},{\"@type\":\"BreadcrumbList\",\"@id\":\"https:\/\/elmek.ee\/en\/kullike-remmel\/#breadcrumb\",\"itemListElement\":[{\"@type\":\"ListItem\",\"position\":1,\"name\":\"Home\",\"item\":\"https:\/\/elmek.ee\/en\/\"},{\"@type\":\"ListItem\",\"position\":2,\"name\":\"K\u00fcllike Remmel\"}]},{\"@type\":\"WebSite\",\"@id\":\"https:\/\/elmek.ee\/#website\",\"url\":\"https:\/\/elmek.ee\/\",\"name\":\"eLMEK Accounting O\u00dc\",\"description\":\"Raamatupidamine ja palgaarvestus.\",\"publisher\":{\"@id\":\"https:\/\/elmek.ee\/#organization\"},\"potentialAction\":[{\"@type\":\"SearchAction\",\"target\":{\"@type\":\"EntryPoint\",\"urlTemplate\":\"https:\/\/elmek.ee\/?s={search_term_string}\"},\"query-input\":{\"@type\":\"PropertyValueSpecification\",\"valueRequired\":true,\"valueName\":\"search_term_string\"}}],\"inLanguage\":\"en-US\"},{\"@type\":\"Organization\",\"@id\":\"https:\/\/elmek.ee\/#organization\",\"name\":\"eLMEK Accounting O\u00dc\",\"url\":\"https:\/\/elmek.ee\/\",\"logo\":{\"@type\":\"ImageObject\",\"inLanguage\":\"en-US\",\"@id\":\"https:\/\/elmek.ee\/#\/schema\/logo\/image\/\",\"url\":\"https:\/\/elmek.ee\/wp-content\/uploads\/2017\/09\/elmek-logo.png\",\"contentUrl\":\"https:\/\/elmek.ee\/wp-content\/uploads\/2017\/09\/elmek-logo.png\",\"width\":367,\"height\":116,\"caption\":\"eLMEK Accounting O\u00dc\"},\"image\":{\"@id\":\"https:\/\/elmek.ee\/#\/schema\/logo\/image\/\"}}]}<\/script>\n<!-- \/ Yoast SEO plugin. -->","yoast_head_json":{"title":"K\u00fcllike Remmel - eLMEK Accounting O\u00dc","description":"K\u00fcllike has practised accounting for almost 30 years and gained experience from working with numerous different companies.","robots":{"index":"index","follow":"follow","max-snippet":"max-snippet:-1","max-image-preview":"max-image-preview:large","max-video-preview":"max-video-preview:-1"},"canonical":"https:\/\/elmek.ee\/en\/kullike-remmel\/","og_locale":"en_US","og_type":"article","og_title":"K\u00fcllike Remmel - eLMEK Accounting O\u00dc","og_description":"K\u00fcllike has practised accounting for almost 30 years and gained experience from working with numerous different companies.","og_url":"https:\/\/elmek.ee\/en\/kullike-remmel\/","og_site_name":"eLMEK Accounting O\u00dc","article_modified_time":"2021-02-10T08:01:23+00:00","og_image":[{"url":"https:\/\/elmek.ee\/wp-content\/uploads\/2017\/09\/estonia-80x80.png","type":"","width":"","height":""}],"twitter_card":"summary_large_image","twitter_misc":{"Est. reading time":"9 minutes"},"schema":{"@context":"https:\/\/schema.org","@graph":[{"@type":"WebPage","@id":"https:\/\/elmek.ee\/en\/kullike-remmel\/","url":"https:\/\/elmek.ee\/en\/kullike-remmel\/","name":"K\u00fcllike Remmel - eLMEK Accounting O\u00dc","isPartOf":{"@id":"https:\/\/elmek.ee\/#website"},"primaryImageOfPage":{"@id":"https:\/\/elmek.ee\/en\/kullike-remmel\/#primaryimage"},"image":{"@id":"https:\/\/elmek.ee\/en\/kullike-remmel\/#primaryimage"},"thumbnailUrl":"https:\/\/elmek.ee\/wp-content\/uploads\/2017\/09\/estonia-80x80.png","datePublished":"2018-01-21T12:13:13+00:00","dateModified":"2021-02-10T08:01:23+00:00","description":"K\u00fcllike has practised accounting for almost 30 years and gained experience from working with numerous different companies.","breadcrumb":{"@id":"https:\/\/elmek.ee\/en\/kullike-remmel\/#breadcrumb"},"inLanguage":"en-US","potentialAction":[{"@type":"ReadAction","target":["https:\/\/elmek.ee\/en\/kullike-remmel\/"]}]},{"@type":"ImageObject","inLanguage":"en-US","@id":"https:\/\/elmek.ee\/en\/kullike-remmel\/#primaryimage","url":"https:\/\/elmek.ee\/wp-content\/uploads\/2017\/09\/estonia-80x80.png","contentUrl":"https:\/\/elmek.ee\/wp-content\/uploads\/2017\/09\/estonia-80x80.png"},{"@type":"BreadcrumbList","@id":"https:\/\/elmek.ee\/en\/kullike-remmel\/#breadcrumb","itemListElement":[{"@type":"ListItem","position":1,"name":"Home","item":"https:\/\/elmek.ee\/en\/"},{"@type":"ListItem","position":2,"name":"K\u00fcllike Remmel"}]},{"@type":"WebSite","@id":"https:\/\/elmek.ee\/#website","url":"https:\/\/elmek.ee\/","name":"eLMEK Accounting O\u00dc","description":"Raamatupidamine ja palgaarvestus.","publisher":{"@id":"https:\/\/elmek.ee\/#organization"},"potentialAction":[{"@type":"SearchAction","target":{"@type":"EntryPoint","urlTemplate":"https:\/\/elmek.ee\/?s={search_term_string}"},"query-input":{"@type":"PropertyValueSpecification","valueRequired":true,"valueName":"search_term_string"}}],"inLanguage":"en-US"},{"@type":"Organization","@id":"https:\/\/elmek.ee\/#organization","name":"eLMEK Accounting O\u00dc","url":"https:\/\/elmek.ee\/","logo":{"@type":"ImageObject","inLanguage":"en-US","@id":"https:\/\/elmek.ee\/#\/schema\/logo\/image\/","url":"https:\/\/elmek.ee\/wp-content\/uploads\/2017\/09\/elmek-logo.png","contentUrl":"https:\/\/elmek.ee\/wp-content\/uploads\/2017\/09\/elmek-logo.png","width":367,"height":116,"caption":"eLMEK Accounting O\u00dc"},"image":{"@id":"https:\/\/elmek.ee\/#\/schema\/logo\/image\/"}}]}},"_links":{"self":[{"href":"https:\/\/elmek.ee\/en\/wp-json\/wp\/v2\/pages\/950","targetHints":{"allow":["GET"]}}],"collection":[{"href":"https:\/\/elmek.ee\/en\/wp-json\/wp\/v2\/pages"}],"about":[{"href":"https:\/\/elmek.ee\/en\/wp-json\/wp\/v2\/types\/page"}],"author":[{"embeddable":true,"href":"https:\/\/elmek.ee\/en\/wp-json\/wp\/v2\/users\/1"}],"replies":[{"embeddable":true,"href":"https:\/\/elmek.ee\/en\/wp-json\/wp\/v2\/comments?post=950"}],"version-history":[{"count":31,"href":"https:\/\/elmek.ee\/en\/wp-json\/wp\/v2\/pages\/950\/revisions"}],"predecessor-version":[{"id":1613,"href":"https:\/\/elmek.ee\/en\/wp-json\/wp\/v2\/pages\/950\/revisions\/1613"}],"wp:attachment":[{"href":"https:\/\/elmek.ee\/en\/wp-json\/wp\/v2\/media?parent=950"}],"curies":[{"name":"wp","href":"https:\/\/api.w.org\/{rel}","templated":true}]}}